{"id":9952,"date":"2023-06-24T22:53:34","date_gmt":"2023-06-24T10:08:34","guid":{"rendered":"https:\/\/tolio.co.nz\/?post_type=product&#038;p=9952"},"modified":"2025-09-11T16:00:31","modified_gmt":"2025-09-11T04:00:31","slug":"thung-30-goi-mi-hao-hao-tom-chua-cay-77g","status":"publish","type":"product","link":"https:\/\/dev.tolio.co.nz\/en\/product\/30-packets-of-similar-spicy-and-sour-tom-77g\/","title":{"rendered":"Th\u00f9ng 30 g\u00f3i m\u00ec H\u1ea3o H\u1ea3o t\u00f4m chua cay 77g"},"content":{"rendered":"<p><strong>Th\u00f9ng 30 g\u00f3i m\u00ec H\u1ea3o H\u1ea3o t\u00f4m chua cay 77g<\/strong> v\u1edbi s\u1ee3i m\u00ec dai ngon h\u00f2a quy\u1ec7n trong n\u01b0\u1edbc s\u00fap t\u00f4m chua cay, \u0111\u1eadm \u0111\u00e0 ch\u00ednh h\u00e3ng m\u00ec H\u1ea3o H\u1ea3o, h\u01b0\u01a1ng th\u01a1m quy\u1ebfn r\u0169 ng\u1ea5t ng\u00e2y. M\u00ec H\u1ea3o H\u1ea3o v\u1ecb t\u00f4m chua cay g\u00f3i 77g l\u00e0 l\u1ef1a ch\u1ecdn h\u1ea5p d\u1eabn kh\u00f4ng th\u1ec3 b\u1ecf qua \u0111\u1eb7c bi\u1ec7t l\u00e0 cho nh\u1eefng ng\u00e0y b\u1eadn r\u1ed9n c\u1ea7n b\u1ed5 sung n\u0103ng l\u01b0\u1ee3ng nhanh ch\u00f3ng \u0111\u01a1n gi\u1ea3n m\u00e0 v\u1eabn \u0111\u1ee7 ch\u1ea5t.<\/p>\n<p><strong>H\u01b0\u1edbng d\u1eabn s\u1eed d\u1ee5ng:<\/strong><\/p>\n<ul>\n<li>Cho v\u1eaft m\u00ec v\u00e0 c\u00e1c g\u00f3i gia v\u1ecb v\u00e0o t\u00f4. Ch\u1ebf kho\u1ea3ng 400ml n\u01b0\u1edbc s\u00f4i v\u00e0o t\u00f4 m\u00ec. \u0110\u1eady n\u1eafp k\u00edn v\u00e0 ch\u1edd trong 3 ph\u00fat. M\u1edf n\u1eafp, tr\u1ed9n \u0111\u1ec1u v\u00e0 b\u1eaft \u0111\u1ea7u th\u01b0\u1edfng th\u1ee9c.<\/li>\n<\/ul>\n<p><strong>B\u1ea3o qu\u1ea3n:<\/strong><\/p>\n<ul>\n<li>B\u1ea3o qu\u1ea3n n\u01a1i kh\u00f4 r\u00e1o, tho\u00e1ng m\u00e1t, tr\u00e1nh \u00e1nh n\u1eafng tr\u1ef1c ti\u1ebfp<\/li>\n<\/ul>\n<p><strong>H\u1ea1n s\u1eed d\u1ee5ng: <\/strong>18 th\u00e1ng t\u1eeb ng\u00e0y s\u1ea3n xu\u1ea5t.<\/p>","protected":false},"excerpt":{"rendered":"<ul>\n<li>Th\u01b0\u01a1ng hi\u1ec7u: H\u1ea3o H\u1ea3o<\/li>\n<li>Xu\u1ea5t x\u1ee9 th\u01b0\u01a1ng hi\u1ec7u: Vi\u1ec7t Nam<\/li>\n<li>Quy c\u00e1ch \u0111\u00f3ng g\u00f3i: g\u00f3i 77g, set 10 g\u00f3i, Th\u00f9ng 30 g\u00f3i<\/li>\n<li>L\u01b0u \u00fd: Bao b\u00ec s\u1ea3n ph\u1ea9m c\u00f3 th\u1ec3 thay \u0111\u1ed5i theo t\u1eebng \u0111\u1ee3t nh\u1eadp h\u00e0ng<\/li>\n<\/ul>","protected":false},"featured_media":20226,"comment_status":"open","ping_status":"closed","template":"","meta":[],"product_brand":[],"product_cat":[511,31],"product_tag":[614,615,531],"class_list":{"0":"post-9952","1":"product","2":"type-product","3":"status-publish","4":"has-post-thumbnail","6":"product_cat-mi-pho-chao-an-lien","7":"product_cat-hang-moi-ve","8":"product_tag-hao-hao","9":"product_tag-mi","10":"product_tag-mi-an-lien","11":"pa_thuong-hieu-hao-hao","13":"first","14":"instock","15":"sale","16":"shipping-taxable","17":"purchasable","18":"product-type-simple"},"yoast_head":"<!-- This site is optimized with the Yoast SEO plugin v24.4 - https:\/\/yoast.com\/wordpress\/plugins\/seo\/ -->\n<title>Th\u00f9ng 30 g\u00f3i m\u00ec H\u1ea3o H\u1ea3o t\u00f4m chua cay 77g - TOLIO<\/title>\n<meta name=\"description\" content=\"Th\u01b0\u01a1ng hi\u1ec7u: H\u1ea3o H\u1ea3o  Xu\u1ea5t x\u1ee9 th\u01b0\u01a1ng hi\u1ec7u: Vi\u1ec7t Nam  Quy c\u00e1ch \u0111\u00f3ng g\u00f3i: g\u00f3i 77g, set 10 g\u00f3i, Th\u00f9ng 30 g\u00f3i  L\u01b0u \u00fd: Bao b\u00ec s\u1ea3n ph\u1ea9m c\u00f3 th\u1ec3 thay \u0111\u1ed5i theo t\u1eebng \u0111\u1ee3t nh\u1eadp h\u00e0ng\" \/>\n<meta name=\"robots\" content=\"index, follow, max-snippet:-1, max-image-preview:large, max-video-preview:-1\" \/>\n<link rel=\"canonical\" href=\"https:\/\/dev.tolio.co.nz\/en\/products\/30-packets-of-similar-spicy-and-sour-tom-77g\/\" \/>\n<meta property=\"og:locale\" content=\"en_US\" \/>\n<meta property=\"og:type\" content=\"article\" \/>\n<meta property=\"og:title\" content=\"Th\u00f9ng 30 g\u00f3i m\u00ec H\u1ea3o H\u1ea3o t\u00f4m chua cay 77g - TOLIO\" \/>\n<meta property=\"og:description\" content=\"Th\u01b0\u01a1ng hi\u1ec7u: H\u1ea3o H\u1ea3o  Xu\u1ea5t x\u1ee9 th\u01b0\u01a1ng hi\u1ec7u: Vi\u1ec7t Nam  Quy c\u00e1ch \u0111\u00f3ng g\u00f3i: g\u00f3i 77g, set 10 g\u00f3i, Th\u00f9ng 30 g\u00f3i  L\u01b0u \u00fd: Bao b\u00ec s\u1ea3n ph\u1ea9m c\u00f3 th\u1ec3 thay \u0111\u1ed5i theo t\u1eebng \u0111\u1ee3t nh\u1eadp h\u00e0ng\" \/>\n<meta property=\"og:url\" content=\"https:\/\/dev.tolio.co.nz\/en\/products\/30-packets-of-similar-spicy-and-sour-tom-77g\/\" \/>\n<meta property=\"og:site_name\" content=\"TOLIO\" \/>\n<meta property=\"article:modified_time\" content=\"2025-09-11T04:00:31+00:00\" \/>\n<meta property=\"og:image\" content=\"https:\/\/dev.tolio.co.nz\/wp-content\/uploads\/2023\/06\/50.png\" \/>\n\t<meta property=\"og:image:width\" content=\"1000\" \/>\n\t<meta property=\"og:image:height\" content=\"907\" \/>\n\t<meta property=\"og:image:type\" content=\"image\/png\" \/>\n<meta name=\"twitter:card\" content=\"summary_large_image\" \/>\n<meta name=\"twitter:label1\" content=\"Est. reading time\" \/>\n\t<meta name=\"twitter:data1\" content=\"1 minute\" \/>\n<script type=\"application\/ld+json\" class=\"yoast-schema-graph\">{\"@context\":\"https:\/\/schema.org\",\"@graph\":[{\"@type\":\"WebPage\",\"@id\":\"https:\/\/dev.tolio.co.nz\/en\/products\/30-packets-of-similar-spicy-and-sour-tom-77g\/\",\"url\":\"https:\/\/dev.tolio.co.nz\/en\/products\/30-packets-of-similar-spicy-and-sour-tom-77g\/\",\"name\":\"Th\u00f9ng 30 g\u00f3i m\u00ec H\u1ea3o H\u1ea3o t\u00f4m chua cay 77g - TOLIO\",\"isPartOf\":{\"@id\":\"https:\/\/dev.tolio.co.nz\/#website\"},\"primaryImageOfPage\":{\"@id\":\"https:\/\/dev.tolio.co.nz\/en\/products\/30-packets-of-similar-spicy-and-sour-tom-77g\/#primaryimage\"},\"image\":{\"@id\":\"https:\/\/dev.tolio.co.nz\/en\/products\/30-packets-of-similar-spicy-and-sour-tom-77g\/#primaryimage\"},\"thumbnailUrl\":\"https:\/\/dev.tolio.co.nz\/wp-content\/uploads\/2023\/06\/50.png\",\"datePublished\":\"2023-06-24T10:08:34+00:00\",\"dateModified\":\"2025-09-11T04:00:31+00:00\",\"description\":\"Th\u01b0\u01a1ng hi\u1ec7u: H\u1ea3o H\u1ea3o Xu\u1ea5t x\u1ee9 th\u01b0\u01a1ng hi\u1ec7u: Vi\u1ec7t Nam Quy c\u00e1ch \u0111\u00f3ng g\u00f3i: g\u00f3i 77g, set 10 g\u00f3i, Th\u00f9ng 30 g\u00f3i L\u01b0u \u00fd: Bao b\u00ec s\u1ea3n ph\u1ea9m c\u00f3 th\u1ec3 thay \u0111\u1ed5i theo t\u1eebng \u0111\u1ee3t nh\u1eadp h\u00e0ng\",\"breadcrumb\":{\"@id\":\"https:\/\/dev.tolio.co.nz\/en\/products\/30-packets-of-similar-spicy-and-sour-tom-77g\/#breadcrumb\"},\"inLanguage\":\"en-US\",\"potentialAction\":[{\"@type\":\"ReadAction\",\"target\":[\"https:\/\/dev.tolio.co.nz\/en\/products\/30-packets-of-similar-spicy-and-sour-tom-77g\/\"]}]},{\"@type\":\"ImageObject\",\"inLanguage\":\"en-US\",\"@id\":\"https:\/\/dev.tolio.co.nz\/en\/products\/30-packets-of-similar-spicy-and-sour-tom-77g\/#primaryimage\",\"url\":\"https:\/\/dev.tolio.co.nz\/wp-content\/uploads\/2023\/06\/50.png\",\"contentUrl\":\"https:\/\/dev.tolio.co.nz\/wp-content\/uploads\/2023\/06\/50.png\",\"width\":1000,\"height\":907},{\"@type\":\"BreadcrumbList\",\"@id\":\"https:\/\/dev.tolio.co.nz\/en\/products\/30-packets-of-similar-spicy-and-sour-tom-77g\/#breadcrumb\",\"itemListElement\":[{\"@type\":\"ListItem\",\"position\":1,\"name\":\"Home\",\"item\":\"https:\/\/dev.tolio.co.nz\/\"},{\"@type\":\"ListItem\",\"position\":2,\"name\":\"C\u1eeda h\u00e0ng\",\"item\":\"https:\/\/dev.tolio.co.nz\/cua-hang\/\"},{\"@type\":\"ListItem\",\"position\":3,\"name\":\"Th\u00f9ng 30 g\u00f3i m\u00ec H\u1ea3o H\u1ea3o t\u00f4m chua cay 77g\"}]},{\"@type\":\"WebSite\",\"@id\":\"https:\/\/dev.tolio.co.nz\/#website\",\"url\":\"https:\/\/dev.tolio.co.nz\/\",\"name\":\"TOLIO\",\"description\":\"Vietnamese Grocery Online\",\"potentialAction\":[{\"@type\":\"SearchAction\",\"target\":{\"@type\":\"EntryPoint\",\"urlTemplate\":\"https:\/\/dev.tolio.co.nz\/?s={search_term_string}\"},\"query-input\":{\"@type\":\"PropertyValueSpecification\",\"valueRequired\":true,\"valueName\":\"search_term_string\"}}],\"inLanguage\":\"en-US\"}]}<\/script>\n<!-- \/ Yoast SEO plugin. -->","yoast_head_json":{"title":"Th\u00f9ng 30 g\u00f3i m\u00ec H\u1ea3o H\u1ea3o t\u00f4m chua cay 77g - TOLIO","description":"Th\u01b0\u01a1ng hi\u1ec7u: H\u1ea3o H\u1ea3o  Xu\u1ea5t x\u1ee9 th\u01b0\u01a1ng hi\u1ec7u: Vi\u1ec7t Nam  Quy c\u00e1ch \u0111\u00f3ng g\u00f3i: g\u00f3i 77g, set 10 g\u00f3i, Th\u00f9ng 30 g\u00f3i  L\u01b0u \u00fd: Bao b\u00ec s\u1ea3n ph\u1ea9m c\u00f3 th\u1ec3 thay \u0111\u1ed5i theo t\u1eebng \u0111\u1ee3t nh\u1eadp h\u00e0ng","robots":{"index":"index","follow":"follow","max-snippet":"max-snippet:-1","max-image-preview":"max-image-preview:large","max-video-preview":"max-video-preview:-1"},"canonical":"https:\/\/dev.tolio.co.nz\/en\/products\/30-packets-of-similar-spicy-and-sour-tom-77g\/","og_locale":"en_US","og_type":"article","og_title":"Th\u00f9ng 30 g\u00f3i m\u00ec H\u1ea3o H\u1ea3o t\u00f4m chua cay 77g - TOLIO","og_description":"Th\u01b0\u01a1ng hi\u1ec7u: H\u1ea3o H\u1ea3o  Xu\u1ea5t x\u1ee9 th\u01b0\u01a1ng hi\u1ec7u: Vi\u1ec7t Nam  Quy c\u00e1ch \u0111\u00f3ng g\u00f3i: g\u00f3i 77g, set 10 g\u00f3i, Th\u00f9ng 30 g\u00f3i  L\u01b0u \u00fd: Bao b\u00ec s\u1ea3n ph\u1ea9m c\u00f3 th\u1ec3 thay \u0111\u1ed5i theo t\u1eebng \u0111\u1ee3t nh\u1eadp h\u00e0ng","og_url":"https:\/\/dev.tolio.co.nz\/en\/products\/30-packets-of-similar-spicy-and-sour-tom-77g\/","og_site_name":"TOLIO","article_modified_time":"2025-09-11T04:00:31+00:00","og_image":[{"width":1000,"height":907,"url":"https:\/\/dev.tolio.co.nz\/wp-content\/uploads\/2023\/06\/50.png","type":"image\/png"}],"twitter_card":"summary_large_image","twitter_misc":{"Est. reading time":"1 minute"},"schema":{"@context":"https:\/\/schema.org","@graph":[{"@type":"WebPage","@id":"https:\/\/dev.tolio.co.nz\/en\/products\/30-packets-of-similar-spicy-and-sour-tom-77g\/","url":"https:\/\/dev.tolio.co.nz\/en\/products\/30-packets-of-similar-spicy-and-sour-tom-77g\/","name":"Th\u00f9ng 30 g\u00f3i m\u00ec H\u1ea3o H\u1ea3o t\u00f4m chua cay 77g - TOLIO","isPartOf":{"@id":"https:\/\/dev.tolio.co.nz\/#website"},"primaryImageOfPage":{"@id":"https:\/\/dev.tolio.co.nz\/en\/products\/30-packets-of-similar-spicy-and-sour-tom-77g\/#primaryimage"},"image":{"@id":"https:\/\/dev.tolio.co.nz\/en\/products\/30-packets-of-similar-spicy-and-sour-tom-77g\/#primaryimage"},"thumbnailUrl":"https:\/\/dev.tolio.co.nz\/wp-content\/uploads\/2023\/06\/50.png","datePublished":"2023-06-24T10:08:34+00:00","dateModified":"2025-09-11T04:00:31+00:00","description":"Th\u01b0\u01a1ng hi\u1ec7u: H\u1ea3o H\u1ea3o Xu\u1ea5t x\u1ee9 th\u01b0\u01a1ng hi\u1ec7u: Vi\u1ec7t Nam Quy c\u00e1ch \u0111\u00f3ng g\u00f3i: g\u00f3i 77g, set 10 g\u00f3i, Th\u00f9ng 30 g\u00f3i L\u01b0u \u00fd: Bao b\u00ec s\u1ea3n ph\u1ea9m c\u00f3 th\u1ec3 thay \u0111\u1ed5i theo t\u1eebng \u0111\u1ee3t nh\u1eadp h\u00e0ng","breadcrumb":{"@id":"https:\/\/dev.tolio.co.nz\/en\/products\/30-packets-of-similar-spicy-and-sour-tom-77g\/#breadcrumb"},"inLanguage":"en-US","potentialAction":[{"@type":"ReadAction","target":["https:\/\/dev.tolio.co.nz\/en\/products\/30-packets-of-similar-spicy-and-sour-tom-77g\/"]}]},{"@type":"ImageObject","inLanguage":"en-US","@id":"https:\/\/dev.tolio.co.nz\/en\/products\/30-packets-of-similar-spicy-and-sour-tom-77g\/#primaryimage","url":"https:\/\/dev.tolio.co.nz\/wp-content\/uploads\/2023\/06\/50.png","contentUrl":"https:\/\/dev.tolio.co.nz\/wp-content\/uploads\/2023\/06\/50.png","width":1000,"height":907},{"@type":"BreadcrumbList","@id":"https:\/\/dev.tolio.co.nz\/en\/products\/30-packets-of-similar-spicy-and-sour-tom-77g\/#breadcrumb","itemListElement":[{"@type":"ListItem","position":1,"name":"Home","item":"https:\/\/dev.tolio.co.nz\/"},{"@type":"ListItem","position":2,"name":"C\u1eeda h\u00e0ng","item":"https:\/\/dev.tolio.co.nz\/cua-hang\/"},{"@type":"ListItem","position":3,"name":"Th\u00f9ng 30 g\u00f3i m\u00ec H\u1ea3o H\u1ea3o t\u00f4m chua cay 77g"}]},{"@type":"WebSite","@id":"https:\/\/dev.tolio.co.nz\/#website","url":"https:\/\/dev.tolio.co.nz\/","name":"TOLIO","description":"Vietnamese Grocery Online","potentialAction":[{"@type":"SearchAction","target":{"@type":"EntryPoint","urlTemplate":"https:\/\/dev.tolio.co.nz\/?s={search_term_string}"},"query-input":{"@type":"PropertyValueSpecification","valueRequired":true,"valueName":"search_term_string"}}],"inLanguage":"en-US"}]}},"_links":{"self":[{"href":"https:\/\/dev.tolio.co.nz\/en\/wp-json\/wp\/v2\/product\/9952","targetHints":{"allow":["GET"]}}],"collection":[{"href":"https:\/\/dev.tolio.co.nz\/en\/wp-json\/wp\/v2\/product"}],"about":[{"href":"https:\/\/dev.tolio.co.nz\/en\/wp-json\/wp\/v2\/types\/product"}],"replies":[{"embeddable":true,"href":"https:\/\/dev.tolio.co.nz\/en\/wp-json\/wp\/v2\/comments?post=9952"}],"wp:featuredmedia":[{"embeddable":true,"href":"https:\/\/dev.tolio.co.nz\/en\/wp-json\/wp\/v2\/media\/20226"}],"wp:attachment":[{"href":"https:\/\/dev.tolio.co.nz\/en\/wp-json\/wp\/v2\/media?parent=9952"}],"wp:term":[{"taxonomy":"product_brand","embeddable":true,"href":"https:\/\/dev.tolio.co.nz\/en\/wp-json\/wp\/v2\/product_brand?post=9952"},{"taxonomy":"product_cat","embeddable":true,"href":"https:\/\/dev.tolio.co.nz\/en\/wp-json\/wp\/v2\/product_cat?post=9952"},{"taxonomy":"product_tag","embeddable":true,"href":"https:\/\/dev.tolio.co.nz\/en\/wp-json\/wp\/v2\/product_tag?post=9952"}],"curies":[{"name":"wp","href":"https:\/\/api.w.org\/{rel}","templated":true}]}}