{"id":9972,"date":"2023-06-25T04:21:16","date_gmt":"2023-06-24T15:36:16","guid":{"rendered":"https:\/\/tolio.co.nz\/?post_type=product&#038;p=9972"},"modified":"2025-09-11T16:00:42","modified_gmt":"2025-09-11T04:00:42","slug":"nuoc-xa-vai-comfort-huong-ban-mai-tui-3-8l","status":"publish","type":"product","link":"https:\/\/dev.tolio.co.nz\/en\/product\/the-country-is-far-away-from-the-comfort-of-the-morning-im-3-8-years-old\/","title":{"rendered":"N\u01b0\u1edbc x\u1ea3 v\u1ea3i Comfort h\u01b0\u01a1ng ban mai t\u00fai 3.7L"},"content":{"rendered":"<p><strong>N\u01b0\u1edbc x\u1ea3 v\u1ea3i Comfort h\u01b0\u01a1ng ban mai t\u00fai 3.7L<\/strong>\u00a0v\u1edbi h\u01b0\u01a1ng n\u01b0\u1edbc hoa d\u1ec5 ch\u1ecbu, gi\u00fap l\u00e0m m\u1ec1m v\u1ea3i hi\u1ec7u qu\u1ea3, an to\u00e0n cho da v\u00e0 c\u00f4ng th\u1ee9c x\u1ea3 \u0111\u1eadm \u0111\u1eb7c ti\u1ebft ki\u1ec7m h\u01a1n r\u1ea5t nhi\u1ec1u. N\u01b0\u1edbc x\u1ea3 m\u1ec1m v\u1ea3i Comfort m\u1ed9t l\u1ea7n x\u1ea3 h\u01b0\u01a1ng ban mai t\u00fai 3.8 l\u00edt th\u01a1m l\u00e2u, m\u1ec1m v\u1ea3i hi\u1ec7u qu\u1ea3.<\/p>\n<p><strong>H\u01b0\u1edbng d\u1eabn s\u1eed d\u1ee5ng:<\/strong><\/p>\n<ul>\n<li>Gi\u1eb7t tay: sau khi gi\u1eb7t, v\u1eaft qu\u1ea7n \u00e1o cho b\u1edbt b\u1ecdt r\u1ed3i d\u00f9ng 1\/2 n\u1eafp n\u01b0\u1edbc gi\u1eb7t cho 15 chi\u1ebfc qu\u1ea7n \u00e1o, \u0111\u1ea3m b\u1ea3o l\u01b0\u1ee3ng n\u01b0\u1edbc \u0111\u1ee7 ng\u1eadp h\u1ebft qu\u1ea7n \u00e1o. Ng\u00e2m trong v\u00f2ng 10-15 ph\u00fat r\u1ed3i v\u1eaft v\u00e0 ph\u01a1i kh\u00f4, kh\u00f4ng c\u1ea7n x\u1ea3 l\u1ea1i v\u1edbi n\u01b0\u1edbc.<\/li>\n<li>Gi\u1eb7t m\u00e1y: \u0111\u1ed5 Comfort \u0111\u1eadm \u0111\u1eb7c 1 l\u1ea7n x\u1ea3 v\u00e0o ng\u0103n ch\u1ee9a n\u01b0\u1edbc x\u1ea3 v\u1ea3i. D\u00f9ng 1 n\u1eafp cho 1 l\u1ea7n gi\u1eb7t th\u00f4ng th\u01b0\u1eddng. \u0110i\u1ec1u ch\u1ec9nh l\u01b0\u1ee3ng tu\u1ef3 v\u00e0o s\u1ed1 l\u01b0\u1ee3ng v\u00e0 ch\u1ea5t li\u1ec7u c\u1ee7a qu\u1ea7n \u00e1o.<\/li>\n<\/ul>\n<p><strong>B\u1ea3o qu\u1ea3n:<\/strong><\/p>\n<ul>\n<li>B\u1ea3o qu\u1ea3n n\u01a1i kh\u00f4 r\u00e1o, tho\u00e1ng m\u00e1t, tr\u00e1nh \u00e1nh n\u1eafng tr\u1ef1c ti\u1ebfp.<\/li>\n<\/ul>","protected":false},"excerpt":{"rendered":"<ul>\n<li>Th\u01b0\u01a1ng hi\u1ec7u: Comfort<\/li>\n<li>Xu\u1ea5t x\u1ee9 th\u01b0\u01a1ng hi\u1ec7u: Vi\u1ec7t Nam<\/li>\n<li>Quy c\u00e1ch \u0111\u00f3ng g\u00f3i: t\u00fai 3.8l<\/li>\n<li>L\u01b0u \u00fd: Bao b\u00ec s\u1ea3n ph\u1ea9m c\u00f3 th\u1ec3 thay \u0111\u1ed5i theo t\u1eebng \u0111\u1ee3t nh\u1eadp h\u00e0ng<\/li>\n<\/ul>","protected":false},"featured_media":21782,"comment_status":"open","ping_status":"closed","template":"","meta":[],"product_brand":[],"product_cat":[49,31],"product_tag":[622,621,623],"class_list":{"0":"post-9972","1":"product","2":"type-product","3":"status-publish","4":"has-post-thumbnail","6":"product_cat-non-food","7":"product_cat-hang-moi-ve","8":"product_tag-comfort","9":"product_tag-nuoc-xa","10":"product_tag-nuoc-xa-ao-quan","11":"pa_thuong-hieu-comfort","13":"first","14":"instock","15":"shipping-taxable","16":"purchasable","17":"product-type-simple"},"yoast_head":"<!-- This site is optimized with the Yoast SEO plugin v24.4 - https:\/\/yoast.com\/wordpress\/plugins\/seo\/ -->\n<title>N\u01b0\u1edbc x\u1ea3 v\u1ea3i Comfort h\u01b0\u01a1ng ban mai t\u00fai 3.7L - TOLIO<\/title>\n<meta name=\"description\" content=\"Th\u01b0\u01a1ng hi\u1ec7u: Comfort  Xu\u1ea5t x\u1ee9 th\u01b0\u01a1ng hi\u1ec7u: Vi\u1ec7t Nam  Quy c\u00e1ch \u0111\u00f3ng g\u00f3i: t\u00fai 3.8l  L\u01b0u \u00fd: Bao b\u00ec s\u1ea3n ph\u1ea9m c\u00f3 th\u1ec3 thay \u0111\u1ed5i theo t\u1eebng \u0111\u1ee3t nh\u1eadp h\u00e0ng\" \/>\n<meta name=\"robots\" content=\"index, follow, max-snippet:-1, max-image-preview:large, max-video-preview:-1\" \/>\n<link rel=\"canonical\" href=\"https:\/\/dev.tolio.co.nz\/en\/product\/the-country-is-far-away-from-the-comfort-of-the-morning-im-3-8-years-old\/\" \/>\n<meta property=\"og:locale\" content=\"en_US\" \/>\n<meta property=\"og:type\" content=\"article\" \/>\n<meta property=\"og:title\" content=\"N\u01b0\u1edbc x\u1ea3 v\u1ea3i Comfort h\u01b0\u01a1ng ban mai t\u00fai 3.7L - TOLIO\" \/>\n<meta property=\"og:description\" content=\"Th\u01b0\u01a1ng hi\u1ec7u: Comfort  Xu\u1ea5t x\u1ee9 th\u01b0\u01a1ng hi\u1ec7u: Vi\u1ec7t Nam  Quy c\u00e1ch \u0111\u00f3ng g\u00f3i: t\u00fai 3.8l  L\u01b0u \u00fd: Bao b\u00ec s\u1ea3n ph\u1ea9m c\u00f3 th\u1ec3 thay \u0111\u1ed5i theo t\u1eebng \u0111\u1ee3t nh\u1eadp h\u00e0ng\" \/>\n<meta property=\"og:url\" content=\"https:\/\/dev.tolio.co.nz\/en\/product\/the-country-is-far-away-from-the-comfort-of-the-morning-im-3-8-years-old\/\" \/>\n<meta property=\"og:site_name\" content=\"TOLIO\" \/>\n<meta property=\"article:modified_time\" content=\"2025-09-11T04:00:42+00:00\" \/>\n<meta property=\"og:image\" content=\"https:\/\/dev.tolio.co.nz\/wp-content\/uploads\/2023\/06\/235.png\" \/>\n\t<meta property=\"og:image:width\" content=\"1000\" \/>\n\t<meta property=\"og:image:height\" content=\"907\" \/>\n\t<meta property=\"og:image:type\" content=\"image\/png\" \/>\n<meta name=\"twitter:card\" content=\"summary_large_image\" \/>\n<meta name=\"twitter:label1\" content=\"Est. reading time\" \/>\n\t<meta name=\"twitter:data1\" content=\"1 minute\" \/>\n<script type=\"application\/ld+json\" class=\"yoast-schema-graph\">{\"@context\":\"https:\/\/schema.org\",\"@graph\":[{\"@type\":\"WebPage\",\"@id\":\"https:\/\/dev.tolio.co.nz\/san-pham\/nuoc-xa-vai-comfort-huong-ban-mai-tui-3-8l\/\",\"url\":\"https:\/\/dev.tolio.co.nz\/san-pham\/nuoc-xa-vai-comfort-huong-ban-mai-tui-3-8l\/\",\"name\":\"N\u01b0\u1edbc x\u1ea3 v\u1ea3i Comfort h\u01b0\u01a1ng ban mai t\u00fai 3.7L - TOLIO\",\"isPartOf\":{\"@id\":\"https:\/\/dev.tolio.co.nz\/#website\"},\"primaryImageOfPage\":{\"@id\":\"https:\/\/dev.tolio.co.nz\/san-pham\/nuoc-xa-vai-comfort-huong-ban-mai-tui-3-8l\/#primaryimage\"},\"image\":{\"@id\":\"https:\/\/dev.tolio.co.nz\/san-pham\/nuoc-xa-vai-comfort-huong-ban-mai-tui-3-8l\/#primaryimage\"},\"thumbnailUrl\":\"https:\/\/dev.tolio.co.nz\/wp-content\/uploads\/2023\/06\/235.png\",\"datePublished\":\"2023-06-24T15:36:16+00:00\",\"dateModified\":\"2025-09-11T04:00:42+00:00\",\"description\":\"Th\u01b0\u01a1ng hi\u1ec7u: Comfort Xu\u1ea5t x\u1ee9 th\u01b0\u01a1ng hi\u1ec7u: Vi\u1ec7t Nam Quy c\u00e1ch \u0111\u00f3ng g\u00f3i: t\u00fai 3.8l L\u01b0u \u00fd: Bao b\u00ec s\u1ea3n ph\u1ea9m c\u00f3 th\u1ec3 thay \u0111\u1ed5i theo t\u1eebng \u0111\u1ee3t nh\u1eadp h\u00e0ng\",\"breadcrumb\":{\"@id\":\"https:\/\/dev.tolio.co.nz\/san-pham\/nuoc-xa-vai-comfort-huong-ban-mai-tui-3-8l\/#breadcrumb\"},\"inLanguage\":\"en-US\",\"potentialAction\":[{\"@type\":\"ReadAction\",\"target\":[\"https:\/\/dev.tolio.co.nz\/san-pham\/nuoc-xa-vai-comfort-huong-ban-mai-tui-3-8l\/\"]}]},{\"@type\":\"ImageObject\",\"inLanguage\":\"en-US\",\"@id\":\"https:\/\/dev.tolio.co.nz\/san-pham\/nuoc-xa-vai-comfort-huong-ban-mai-tui-3-8l\/#primaryimage\",\"url\":\"https:\/\/dev.tolio.co.nz\/wp-content\/uploads\/2023\/06\/235.png\",\"contentUrl\":\"https:\/\/dev.tolio.co.nz\/wp-content\/uploads\/2023\/06\/235.png\",\"width\":1000,\"height\":907},{\"@type\":\"BreadcrumbList\",\"@id\":\"https:\/\/dev.tolio.co.nz\/san-pham\/nuoc-xa-vai-comfort-huong-ban-mai-tui-3-8l\/#breadcrumb\",\"itemListElement\":[{\"@type\":\"ListItem\",\"position\":1,\"name\":\"Home\",\"item\":\"https:\/\/dev.tolio.co.nz\/\"},{\"@type\":\"ListItem\",\"position\":2,\"name\":\"C\u1eeda h\u00e0ng\",\"item\":\"https:\/\/dev.tolio.co.nz\/cua-hang\/\"},{\"@type\":\"ListItem\",\"position\":3,\"name\":\"N\u01b0\u1edbc x\u1ea3 v\u1ea3i Comfort h\u01b0\u01a1ng ban mai t\u00fai 3.7L\"}]},{\"@type\":\"WebSite\",\"@id\":\"https:\/\/dev.tolio.co.nz\/#website\",\"url\":\"https:\/\/dev.tolio.co.nz\/\",\"name\":\"TOLIO\",\"description\":\"Vietnamese Grocery Online\",\"potentialAction\":[{\"@type\":\"SearchAction\",\"target\":{\"@type\":\"EntryPoint\",\"urlTemplate\":\"https:\/\/dev.tolio.co.nz\/?s={search_term_string}\"},\"query-input\":{\"@type\":\"PropertyValueSpecification\",\"valueRequired\":true,\"valueName\":\"search_term_string\"}}],\"inLanguage\":\"en-US\"}]}<\/script>\n<!-- \/ Yoast SEO plugin. -->","yoast_head_json":{"title":"N\u01b0\u1edbc x\u1ea3 v\u1ea3i Comfort h\u01b0\u01a1ng ban mai t\u00fai 3.7L - TOLIO","description":"Th\u01b0\u01a1ng hi\u1ec7u: Comfort  Xu\u1ea5t x\u1ee9 th\u01b0\u01a1ng hi\u1ec7u: Vi\u1ec7t Nam  Quy c\u00e1ch \u0111\u00f3ng g\u00f3i: t\u00fai 3.8l  L\u01b0u \u00fd: Bao b\u00ec s\u1ea3n ph\u1ea9m c\u00f3 th\u1ec3 thay \u0111\u1ed5i theo t\u1eebng \u0111\u1ee3t nh\u1eadp h\u00e0ng","robots":{"index":"index","follow":"follow","max-snippet":"max-snippet:-1","max-image-preview":"max-image-preview:large","max-video-preview":"max-video-preview:-1"},"canonical":"https:\/\/dev.tolio.co.nz\/en\/product\/the-country-is-far-away-from-the-comfort-of-the-morning-im-3-8-years-old\/","og_locale":"en_US","og_type":"article","og_title":"N\u01b0\u1edbc x\u1ea3 v\u1ea3i Comfort h\u01b0\u01a1ng ban mai t\u00fai 3.7L - TOLIO","og_description":"Th\u01b0\u01a1ng hi\u1ec7u: Comfort  Xu\u1ea5t x\u1ee9 th\u01b0\u01a1ng hi\u1ec7u: Vi\u1ec7t Nam  Quy c\u00e1ch \u0111\u00f3ng g\u00f3i: t\u00fai 3.8l  L\u01b0u \u00fd: Bao b\u00ec s\u1ea3n ph\u1ea9m c\u00f3 th\u1ec3 thay \u0111\u1ed5i theo t\u1eebng \u0111\u1ee3t nh\u1eadp h\u00e0ng","og_url":"https:\/\/dev.tolio.co.nz\/en\/product\/the-country-is-far-away-from-the-comfort-of-the-morning-im-3-8-years-old\/","og_site_name":"TOLIO","article_modified_time":"2025-09-11T04:00:42+00:00","og_image":[{"width":1000,"height":907,"url":"https:\/\/dev.tolio.co.nz\/wp-content\/uploads\/2023\/06\/235.png","type":"image\/png"}],"twitter_card":"summary_large_image","twitter_misc":{"Est. reading time":"1 minute"},"schema":{"@context":"https:\/\/schema.org","@graph":[{"@type":"WebPage","@id":"https:\/\/dev.tolio.co.nz\/san-pham\/nuoc-xa-vai-comfort-huong-ban-mai-tui-3-8l\/","url":"https:\/\/dev.tolio.co.nz\/san-pham\/nuoc-xa-vai-comfort-huong-ban-mai-tui-3-8l\/","name":"N\u01b0\u1edbc x\u1ea3 v\u1ea3i Comfort h\u01b0\u01a1ng ban mai t\u00fai 3.7L - TOLIO","isPartOf":{"@id":"https:\/\/dev.tolio.co.nz\/#website"},"primaryImageOfPage":{"@id":"https:\/\/dev.tolio.co.nz\/san-pham\/nuoc-xa-vai-comfort-huong-ban-mai-tui-3-8l\/#primaryimage"},"image":{"@id":"https:\/\/dev.tolio.co.nz\/san-pham\/nuoc-xa-vai-comfort-huong-ban-mai-tui-3-8l\/#primaryimage"},"thumbnailUrl":"https:\/\/dev.tolio.co.nz\/wp-content\/uploads\/2023\/06\/235.png","datePublished":"2023-06-24T15:36:16+00:00","dateModified":"2025-09-11T04:00:42+00:00","description":"Th\u01b0\u01a1ng hi\u1ec7u: Comfort Xu\u1ea5t x\u1ee9 th\u01b0\u01a1ng hi\u1ec7u: Vi\u1ec7t Nam Quy c\u00e1ch \u0111\u00f3ng g\u00f3i: t\u00fai 3.8l L\u01b0u \u00fd: Bao b\u00ec s\u1ea3n ph\u1ea9m c\u00f3 th\u1ec3 thay \u0111\u1ed5i theo t\u1eebng \u0111\u1ee3t nh\u1eadp h\u00e0ng","breadcrumb":{"@id":"https:\/\/dev.tolio.co.nz\/san-pham\/nuoc-xa-vai-comfort-huong-ban-mai-tui-3-8l\/#breadcrumb"},"inLanguage":"en-US","potentialAction":[{"@type":"ReadAction","target":["https:\/\/dev.tolio.co.nz\/san-pham\/nuoc-xa-vai-comfort-huong-ban-mai-tui-3-8l\/"]}]},{"@type":"ImageObject","inLanguage":"en-US","@id":"https:\/\/dev.tolio.co.nz\/san-pham\/nuoc-xa-vai-comfort-huong-ban-mai-tui-3-8l\/#primaryimage","url":"https:\/\/dev.tolio.co.nz\/wp-content\/uploads\/2023\/06\/235.png","contentUrl":"https:\/\/dev.tolio.co.nz\/wp-content\/uploads\/2023\/06\/235.png","width":1000,"height":907},{"@type":"BreadcrumbList","@id":"https:\/\/dev.tolio.co.nz\/san-pham\/nuoc-xa-vai-comfort-huong-ban-mai-tui-3-8l\/#breadcrumb","itemListElement":[{"@type":"ListItem","position":1,"name":"Home","item":"https:\/\/dev.tolio.co.nz\/"},{"@type":"ListItem","position":2,"name":"C\u1eeda h\u00e0ng","item":"https:\/\/dev.tolio.co.nz\/cua-hang\/"},{"@type":"ListItem","position":3,"name":"N\u01b0\u1edbc x\u1ea3 v\u1ea3i Comfort h\u01b0\u01a1ng ban mai t\u00fai 3.7L"}]},{"@type":"WebSite","@id":"https:\/\/dev.tolio.co.nz\/#website","url":"https:\/\/dev.tolio.co.nz\/","name":"TOLIO","description":"Vietnamese Grocery Online","potentialAction":[{"@type":"SearchAction","target":{"@type":"EntryPoint","urlTemplate":"https:\/\/dev.tolio.co.nz\/?s={search_term_string}"},"query-input":{"@type":"PropertyValueSpecification","valueRequired":true,"valueName":"search_term_string"}}],"inLanguage":"en-US"}]}},"_links":{"self":[{"href":"https:\/\/dev.tolio.co.nz\/en\/wp-json\/wp\/v2\/product\/9972","targetHints":{"allow":["GET"]}}],"collection":[{"href":"https:\/\/dev.tolio.co.nz\/en\/wp-json\/wp\/v2\/product"}],"about":[{"href":"https:\/\/dev.tolio.co.nz\/en\/wp-json\/wp\/v2\/types\/product"}],"replies":[{"embeddable":true,"href":"https:\/\/dev.tolio.co.nz\/en\/wp-json\/wp\/v2\/comments?post=9972"}],"wp:featuredmedia":[{"embeddable":true,"href":"https:\/\/dev.tolio.co.nz\/en\/wp-json\/wp\/v2\/media\/21782"}],"wp:attachment":[{"href":"https:\/\/dev.tolio.co.nz\/en\/wp-json\/wp\/v2\/media?parent=9972"}],"wp:term":[{"taxonomy":"product_brand","embeddable":true,"href":"https:\/\/dev.tolio.co.nz\/en\/wp-json\/wp\/v2\/product_brand?post=9972"},{"taxonomy":"product_cat","embeddable":true,"href":"https:\/\/dev.tolio.co.nz\/en\/wp-json\/wp\/v2\/product_cat?post=9972"},{"taxonomy":"product_tag","embeddable":true,"href":"https:\/\/dev.tolio.co.nz\/en\/wp-json\/wp\/v2\/product_tag?post=9972"}],"curies":[{"name":"wp","href":"https:\/\/api.w.org\/{rel}","templated":true}]}}